



{"id":1145,"date":"2019-03-11T15:39:46","date_gmt":"2019-03-11T15:39:46","guid":{"rendered":"https:\/\/derwo.pt\/home\/"},"modified":"2020-09-30T15:16:58","modified_gmt":"2020-09-30T15:16:58","slug":"home","status":"publish","type":"page","link":"https:\/\/derwo.pt\/fr\/","title":{"rendered":"Home"},"content":{"rendered":"<p>DERWO<\/p>\n<h2>Fabrication de composants pour meubles et menuiserie.<\/h2>\n<p>Focalis\u00e9 sur la fabrication de composants pour le mobilier et la menuiserie, Derwo op\u00e8re sous une profonde connaissance du march\u00e9 et des besoins de nos clients pour leur proposer la solution la plus adapt\u00e9e.<\/p>\n<p><a class=\"thm-btn\" title=\"\" href=\"\/derwo\/sobre-nos\">Sur DERWO<\/a><\/p>\n","protected":false},"excerpt":{"rendered":"<p>DERWO Fabrication de composants pour meubles et menuiserie. Focalis\u00e9 sur la fabrication de composants pour le mobilier et la menuiserie, Derwo op\u00e8re sous une profonde connaissance du march\u00e9 et des besoins de nos clients pour leur proposer la solution la plus adapt\u00e9e. Sur DERWO<\/p>\n","protected":false},"author":1,"featured_media":1147,"parent":0,"menu_order":25,"comment_status":"closed","ping_status":"closed","template":"templates\/home.php","meta":{"footnotes":""},"_links":{"self":[{"href":"https:\/\/derwo.pt\/fr\/wp-json\/wp\/v2\/pages\/1145\/"}],"collection":[{"href":"https:\/\/derwo.pt\/fr\/wp-json\/wp\/v2\/pages\/"}],"about":[{"href":"https:\/\/derwo.pt\/fr\/wp-json\/wp\/v2\/types\/page\/"}],"author":[{"embeddable":true,"href":"https:\/\/derwo.pt\/fr\/wp-json\/wp\/v2\/users\/1\/"}],"replies":[{"embeddable":true,"href":"https:\/\/derwo.pt\/fr\/wp-json\/wp\/v2\/comments\/?post=1145"}],"version-history":[{"count":2,"href":"https:\/\/derwo.pt\/fr\/wp-json\/wp\/v2\/pages\/1145\/revisions\/"}],"predecessor-version":[{"id":1215,"href":"https:\/\/derwo.pt\/fr\/wp-json\/wp\/v2\/pages\/1145\/revisions\/1215\/"}],"wp:featuredmedia":[{"embeddable":true,"href":"https:\/\/derwo.pt\/fr\/wp-json\/wp\/v2\/media\/1147\/"}],"wp:attachment":[{"href":"https:\/\/derwo.pt\/fr\/wp-json\/wp\/v2\/media\/?parent=1145"}],"curies":[{"name":"wp","href":"https:\/\/api.w.org\/{rel}","templated":true}]}}