



{"id":1134,"date":"2019-03-11T18:12:02","date_gmt":"2019-03-11T18:12:02","guid":{"rendered":"https:\/\/derwo.pt\/sobre-nos\/"},"modified":"2020-09-29T10:56:03","modified_gmt":"2020-09-29T10:56:03","slug":"sobre-nos","status":"publish","type":"page","link":"https:\/\/derwo.pt\/fr\/sobre-nos\/","title":{"rendered":"\u00c0 propos de nous"},"content":{"rendered":"<h2>\u00c0 propos de nous<\/h2>\n<p style=\"text-align: justify;\">Derwo &#8211; Componentes T\u00e9cnicos de Madeira Lda. est n\u00e9 en<br \/>\nmai 2017 et op\u00e8re dans les secteurs du meuble et de la menuiserie.<br \/>\nL\u2019innovation, l\u2019irr\u00e9v\u00e9rence et la polyvalence sont \u00e0 la<br \/>\nbase de ce projet. Centr\u00e9e sur la fabrication de meubles et d\u2019\u00e9l\u00e9ments<br \/>\nde menuiserie, Derwo s\u2019appuie sur une large connaissance<br \/>\ndu march\u00e9 et des besoins de ses clients pour leur proposer la<br \/>\nbonne solution.<br \/>\nAvec une \u00e9quipe flexible et cr\u00e9ative, Derwo se concentre sur<br \/>\ndes solutions innovantes qui offrent au client une solution allant<br \/>\ndu simple composant de cuisine au produit le plus technique du<br \/>\nmarch\u00e9.<br \/>\nCompte tenu de l\u2019\u00e9volution constante de la soci\u00e9t\u00e9 et de sa croissance<br \/>\nsur le march\u00e9, Derwo s\u2019engage quotidiennement \u00e0 d\u00e9velopper<br \/>\nen permanence ses processus et ses ressources humaines<br \/>\net technologiques pour accro\u00eetre sa comp\u00e9titivit\u00e9 sur les<br \/>\nmarch\u00e9s mondiaux.<\/p>\n","protected":false},"excerpt":{"rendered":"<p>\u00c0 propos de nous Derwo &#8211; Componentes T\u00e9cnicos de Madeira Lda. est n\u00e9 en mai 2017 et op\u00e8re dans les secteurs du meuble et de la menuiserie. L\u2019innovation, l\u2019irr\u00e9v\u00e9rence et la polyvalence sont \u00e0 la base de ce projet. Centr\u00e9e sur la fabrication de meubles et d\u2019\u00e9l\u00e9ments de menuiserie, Derwo s\u2019appuie sur une large connaissance [&hellip;]<\/p>\n","protected":false},"author":1,"featured_media":698,"parent":0,"menu_order":1,"comment_status":"closed","ping_status":"closed","template":"templates\/sobre.php","meta":{"footnotes":""},"_links":{"self":[{"href":"https:\/\/derwo.pt\/fr\/wp-json\/wp\/v2\/pages\/1134\/"}],"collection":[{"href":"https:\/\/derwo.pt\/fr\/wp-json\/wp\/v2\/pages\/"}],"about":[{"href":"https:\/\/derwo.pt\/fr\/wp-json\/wp\/v2\/types\/page\/"}],"author":[{"embeddable":true,"href":"https:\/\/derwo.pt\/fr\/wp-json\/wp\/v2\/users\/1\/"}],"replies":[{"embeddable":true,"href":"https:\/\/derwo.pt\/fr\/wp-json\/wp\/v2\/comments\/?post=1134"}],"version-history":[{"count":1,"href":"https:\/\/derwo.pt\/fr\/wp-json\/wp\/v2\/pages\/1134\/revisions\/"}],"predecessor-version":[{"id":1136,"href":"https:\/\/derwo.pt\/fr\/wp-json\/wp\/v2\/pages\/1134\/revisions\/1136\/"}],"wp:featuredmedia":[{"embeddable":true,"href":"https:\/\/derwo.pt\/fr\/wp-json\/wp\/v2\/media\/698\/"}],"wp:attachment":[{"href":"https:\/\/derwo.pt\/fr\/wp-json\/wp\/v2\/media\/?parent=1134"}],"curies":[{"name":"wp","href":"https:\/\/api.w.org\/{rel}","templated":true}]}}