



{"id":1113,"date":"2019-03-25T15:58:32","date_gmt":"2019-03-25T15:58:32","guid":{"rendered":"https:\/\/derwo.pt\/recuperar-password\/"},"modified":"2020-09-29T10:31:20","modified_gmt":"2020-09-29T10:31:20","slug":"recuperar-password","status":"publish","type":"page","link":"https:\/\/derwo.pt\/fr\/recuperar-password\/","title":{"rendered":"R\u00e9cup\u00e9rer mot de passe"},"content":{"rendered":"\n<p class=\"has-text-align-center\">Utilisez le formulaire suivant pour r\u00e9cup\u00e9rer votre mot de passe. Apr\u00e8s avoir soumis, vous recevrez un e-mail avec le lien de r\u00e9cup\u00e9ration.<\/p>\n\n\n\n<p><a>\n<div class=\"cleanlogin-container\">\n\t<form class=\"cleanlogin-form\" method=\"post\" action=\"#\" onsubmit=\"submit.disabled = true; return true;\">\n\n\t\t<fieldset>\n\t\t\n\t\t\t<div class=\"cleanlogin-field\">\n                <label for=\"username\">Identifiant (ou e-mail)<\/label>\n\t\t\t\t<input class=\"cleanlogin-field-username\" type=\"text\" name=\"username\" value=\"\" placeholder=\"Identifiant (ou e-mail)\" aria-label=\"Identifiant (ou e-mail)\">\n\t\t\t<\/div>\n\n\t\t\t<div class=\"cleanlogin-field-website\">\n\t\t\t\t<label for='website'>Website<\/label>\n\t    \t\t<input type='text' name='website' value=\".\">\n\t    \t<\/div>\n\t\t\n\t\t<\/fieldset>\n\t\t\n\t\t<div>\t\n\t\t\t<input type=\"submit\" value=\"Restaurer le mot de passe\" name=\"submit\">\n\t\t\t<input type=\"hidden\" name=\"action\" value=\"restore\">\t\t\n\t\t<\/div>\n\n\t<\/form>\n<\/div><\/a><\/p>\n","protected":false},"excerpt":{"rendered":"<p>Utilisez le formulaire suivant pour r\u00e9cup\u00e9rer votre mot de passe. Apr\u00e8s avoir soumis, vous recevrez un e-mail avec le lien de r\u00e9cup\u00e9ration.<\/p>\n","protected":false},"author":1,"featured_media":0,"parent":0,"menu_order":30,"comment_status":"closed","ping_status":"closed","template":"","meta":{"footnotes":""},"_links":{"self":[{"href":"https:\/\/derwo.pt\/fr\/wp-json\/wp\/v2\/pages\/1113\/"}],"collection":[{"href":"https:\/\/derwo.pt\/fr\/wp-json\/wp\/v2\/pages\/"}],"about":[{"href":"https:\/\/derwo.pt\/fr\/wp-json\/wp\/v2\/types\/page\/"}],"author":[{"embeddable":true,"href":"https:\/\/derwo.pt\/fr\/wp-json\/wp\/v2\/users\/1\/"}],"replies":[{"embeddable":true,"href":"https:\/\/derwo.pt\/fr\/wp-json\/wp\/v2\/comments\/?post=1113"}],"version-history":[{"count":1,"href":"https:\/\/derwo.pt\/fr\/wp-json\/wp\/v2\/pages\/1113\/revisions\/"}],"predecessor-version":[{"id":1114,"href":"https:\/\/derwo.pt\/fr\/wp-json\/wp\/v2\/pages\/1113\/revisions\/1114\/"}],"wp:attachment":[{"href":"https:\/\/derwo.pt\/fr\/wp-json\/wp\/v2\/media\/?parent=1113"}],"curies":[{"name":"wp","href":"https:\/\/api.w.org\/{rel}","templated":true}]}}