



{"id":1138,"date":"2019-03-11T18:12:02","date_gmt":"2019-03-11T18:12:02","guid":{"rendered":"https:\/\/derwo.pt\/sobre-nos\/"},"modified":"2020-09-29T13:14:53","modified_gmt":"2020-09-29T13:14:53","slug":"sobre-nos","status":"publish","type":"page","link":"https:\/\/derwo.pt\/es\/sobre-nos\/","title":{"rendered":"Sobre Nosotros"},"content":{"rendered":"<h2>Sobre Nosotros<\/h2>\n<p style=\"text-align: justify;\">Derwo \u2013 Componentes t\u00e9cnicos de Madeira Lda. Naci\u00f3 en<br \/>\nmayo 2017 y opera en los sectores de muebles y carpinter\u00eda.<br \/>\nLa innovaci\u00f3n, la irreverencia y la versatilidad forman la base de<br \/>\neste proyecto. Centrado en la fabricaci\u00f3n de muebles y componentes<br \/>\nde carpinter\u00eda, Derwo act\u00faa con un amplio conocimiento<br \/>\ndel mercado y de las necesidades de sus clientes para ofrecerles<br \/>\nla soluci\u00f3n adecuada.<br \/>\nCon un equipo flexible y creativo, Derwo se centra en soluciones<br \/>\ninnovadoras que ofrecen al cliente una soluci\u00f3n que abarca desde<br \/>\nel componente de cocina simple hasta el producto m\u00e1s t\u00e9cnico<br \/>\ndel mercado.<\/p>\n","protected":false},"excerpt":{"rendered":"<p>Sobre Nosotros Derwo \u2013 Componentes t\u00e9cnicos de Madeira Lda. Naci\u00f3 en mayo 2017 y opera en los sectores de muebles y carpinter\u00eda. La innovaci\u00f3n, la irreverencia y la versatilidad forman la base de este proyecto. Centrado en la fabricaci\u00f3n de muebles y componentes de carpinter\u00eda, Derwo act\u00faa con un amplio conocimiento del mercado y de [&hellip;]<\/p>\n","protected":false},"author":1,"featured_media":699,"parent":0,"menu_order":37,"comment_status":"closed","ping_status":"closed","template":"templates\/sobre.php","meta":{"footnotes":""},"_links":{"self":[{"href":"https:\/\/derwo.pt\/es\/wp-json\/wp\/v2\/pages\/1138\/"}],"collection":[{"href":"https:\/\/derwo.pt\/es\/wp-json\/wp\/v2\/pages\/"}],"about":[{"href":"https:\/\/derwo.pt\/es\/wp-json\/wp\/v2\/types\/page\/"}],"author":[{"embeddable":true,"href":"https:\/\/derwo.pt\/es\/wp-json\/wp\/v2\/users\/1\/"}],"replies":[{"embeddable":true,"href":"https:\/\/derwo.pt\/es\/wp-json\/wp\/v2\/comments\/?post=1138"}],"version-history":[{"count":1,"href":"https:\/\/derwo.pt\/es\/wp-json\/wp\/v2\/pages\/1138\/revisions\/"}],"predecessor-version":[{"id":1140,"href":"https:\/\/derwo.pt\/es\/wp-json\/wp\/v2\/pages\/1138\/revisions\/1140\/"}],"wp:featuredmedia":[{"embeddable":true,"href":"https:\/\/derwo.pt\/es\/wp-json\/wp\/v2\/media\/699\/"}],"wp:attachment":[{"href":"https:\/\/derwo.pt\/es\/wp-json\/wp\/v2\/media\/?parent=1138"}],"curies":[{"name":"wp","href":"https:\/\/api.w.org\/{rel}","templated":true}]}}