



{"id":1116,"date":"2019-03-25T15:58:32","date_gmt":"2019-03-25T15:58:32","guid":{"rendered":"https:\/\/derwo.pt\/recuperar-password\/"},"modified":"2020-09-29T10:32:38","modified_gmt":"2020-09-29T10:32:38","slug":"recuperar-password","status":"publish","type":"page","link":"https:\/\/derwo.pt\/es\/recuperar-password\/","title":{"rendered":"Recuperar contrase\u00f1a"},"content":{"rendered":"\n<p class=\"has-text-align-center\">Utilize o seguinte formul\u00e1rio para recuperar a password. Ap\u00f3s submeter, ir\u00e1 receber um email com o link de recupera\u00e7\u00e3o.<\/p>\n\n\n\n<p><a>\n<div class=\"cleanlogin-container\">\n\t<form class=\"cleanlogin-form\" method=\"post\" action=\"#\" onsubmit=\"submit.disabled = true; return true;\">\n\n\t\t<fieldset>\n\t\t\n\t\t\t<div class=\"cleanlogin-field\">\n                <label for=\"username\">Usuario (o correo electr\u00f3nico)<\/label>\n\t\t\t\t<input class=\"cleanlogin-field-username\" type=\"text\" name=\"username\" value=\"\" placeholder=\"Usuario (o correo electr\u00f3nico)\" aria-label=\"Usuario (o correo electr\u00f3nico)\">\n\t\t\t<\/div>\n\n\t\t\t<div class=\"cleanlogin-field-website\">\n\t\t\t\t<label for='website'>Website<\/label>\n\t    \t\t<input type='text' name='website' value=\".\">\n\t    \t<\/div>\n\t\t\n\t\t<\/fieldset>\n\t\t\n\t\t<div>\t\n\t\t\t<input type=\"submit\" value=\"Recuperar contrase\u00f1a\" name=\"submit\">\n\t\t\t<input type=\"hidden\" name=\"action\" value=\"restore\">\t\t\n\t\t<\/div>\n\n\t<\/form>\n<\/div><\/a><\/p>\n","protected":false},"excerpt":{"rendered":"<p>Utilize o seguinte formul\u00e1rio para recuperar a password. Ap\u00f3s submeter, ir\u00e1 receber um email com o link de recupera\u00e7\u00e3o.<\/p>\n","protected":false},"author":1,"featured_media":0,"parent":0,"menu_order":28,"comment_status":"closed","ping_status":"closed","template":"","meta":{"footnotes":""},"_links":{"self":[{"href":"https:\/\/derwo.pt\/es\/wp-json\/wp\/v2\/pages\/1116\/"}],"collection":[{"href":"https:\/\/derwo.pt\/es\/wp-json\/wp\/v2\/pages\/"}],"about":[{"href":"https:\/\/derwo.pt\/es\/wp-json\/wp\/v2\/types\/page\/"}],"author":[{"embeddable":true,"href":"https:\/\/derwo.pt\/es\/wp-json\/wp\/v2\/users\/1\/"}],"replies":[{"embeddable":true,"href":"https:\/\/derwo.pt\/es\/wp-json\/wp\/v2\/comments\/?post=1116"}],"version-history":[{"count":1,"href":"https:\/\/derwo.pt\/es\/wp-json\/wp\/v2\/pages\/1116\/revisions\/"}],"predecessor-version":[{"id":1117,"href":"https:\/\/derwo.pt\/es\/wp-json\/wp\/v2\/pages\/1116\/revisions\/1117\/"}],"wp:attachment":[{"href":"https:\/\/derwo.pt\/es\/wp-json\/wp\/v2\/media\/?parent=1116"}],"curies":[{"name":"wp","href":"https:\/\/api.w.org\/{rel}","templated":true}]}}